{"id":12900,"date":"2023-01-26T10:51:41","date_gmt":"2023-01-26T10:51:41","guid":{"rendered":"https:\/\/naessenshydraulics.be\/politique-en-matiere-de-cookies\/"},"modified":"2026-01-28T08:30:05","modified_gmt":"2026-01-28T08:30:05","slug":"politique-en-matiere-de-cookies","status":"publish","type":"page","link":"https:\/\/naessenshydraulics.be\/fr\/politique-en-matiere-de-cookies\/","title":{"rendered":"Politique en mati\u00e8re de cookies"},"content":{"rendered":"\t\t<div data-elementor-type=\"wp-page\" data-elementor-id=\"12900\" class=\"elementor elementor-12900 elementor-56\" data-elementor-post-type=\"page\">\n\t\t\t\t\t\t<section class=\"elementor-section elementor-top-section elementor-element elementor-element-6e03bbce elementor-section-boxed elementor-section-height-default elementor-section-height-default\" data-id=\"6e03bbce\" data-element_type=\"section\" data-e-type=\"section\">\n\t\t\t\t\t\t<div class=\"elementor-container elementor-column-gap-default\">\n\t\t\t\t\t<div class=\"elementor-column elementor-col-100 elementor-top-column elementor-element elementor-element-5bd44265\" data-id=\"5bd44265\" data-element_type=\"column\" data-e-type=\"column\">\n\t\t\t<div class=\"elementor-widget-wrap elementor-element-populated\">\n\t\t\t\t\t\t<div class=\"elementor-element elementor-element-875bf5f elementor-widget elementor-widget-text-editor\" data-id=\"875bf5f\" data-element_type=\"widget\" data-e-type=\"widget\" data-widget_type=\"text-editor.default\">\n\t\t\t\t<div class=\"elementor-widget-container\">\n\t\t\t\t\t\t\t\t\t<p><\/p>\n<p><em>Derni\u00e8re mise \u00e0 jour le 23\/01\/2024.<\/em><\/p>\n<h2>1.     Bienvenue sur le site<\/h2>\n<p>Nous sommes Naessens Hydraulics, une soci\u00e9t\u00e9 priv\u00e9e \u00e0 responsabilit\u00e9 limit\u00e9e, situ\u00e9e \u00e0 Lange Ambachtstraat 9, Oosterzele avec le num\u00e9ro d&rsquo;entreprise BE0459060814.<\/p>\n<p>Dans la pr\u00e9sente politique en mati\u00e8re de cookies, nous expliquons quelles informations nous pouvons collecter sur notre site web \u00e0 l&rsquo;aide de cookies et comment nous les utilisons pour am\u00e9liorer nos services.<\/p>\n<p>En utilisant notre site web, vous acceptez que nous utilisions des cookies.<\/p>\n<p>La pr\u00e9sente politique en mati\u00e8re de cookies fait partie int\u00e9grante de nos <u>conditions g\u00e9n\u00e9rales.<\/u><\/p>\n<h2>2.     Cookies<\/h2>\n<p>Un<em>\u00ab cookie<\/em> \u00bb est un petit fichier de donn\u00e9es qui est temporairement plac\u00e9 sur votre ordinateur ou votre appareil mobile par une page internet lorsque vous visitez un site web. Un cookie nous permet d&rsquo;identifier l&rsquo;appareil que vous utilisez pour visiter notre site web, sans nous donner acc\u00e8s \u00e0 vos donn\u00e9es personnelles. <\/p>\n<p>Les cookies peuvent \u00eatre facilement supprim\u00e9s via les param\u00e8tres de votre navigateur. Vous pouvez \u00e9galement configurer votre navigateur de mani\u00e8re \u00e0 ce qu&rsquo;il refuse les cookies. Toutefois, cela peut \u00e9ventuellement entraver l&rsquo;utilisation de notre site web ou rendre l&rsquo;acc\u00e8s \u00e0 certaines fonctionnalit\u00e9s impossible.  <\/p>\n<p><\/p>\t\t\t\t\t\t\t\t<\/div>\n\t\t\t\t<\/div>\n\t\t\t\t<div class=\"elementor-element elementor-element-0176057 elementor-widget elementor-widget-shortcode\" data-id=\"0176057\" data-element_type=\"widget\" data-e-type=\"widget\" data-widget_type=\"shortcode.default\">\n\t\t\t\t<div class=\"elementor-widget-container\">\n\t\t\t\t\t\t\t<div class=\"elementor-shortcode\">[cs-report]<\/div>\n\t\t\t\t\t\t<\/div>\n\t\t\t\t<\/div>\n\t\t\t\t\t<\/div>\n\t\t<\/div>\n\t\t\t\t\t<\/div>\n\t\t<\/section>\n\t\t\t\t<\/div>\n\t\t","protected":false},"excerpt":{"rendered":"<p>Derni\u00e8re mise \u00e0 jour le 23\/01\/2024. 1. Bienvenue sur le site Nous sommes Naessens Hydraulics, une soci\u00e9t\u00e9 priv\u00e9e \u00e0 responsabilit\u00e9 limit\u00e9e, situ\u00e9e \u00e0 Lange Ambachtstraat 9, Oosterzele avec le num\u00e9ro d&rsquo;entreprise BE0459060814. Dans la pr\u00e9sente politique en mati\u00e8re de cookies, nous expliquons quelles informations nous pouvons collecter sur notre site web \u00e0 l&rsquo;aide de cookies [&hellip;]<\/p>\n","protected":false},"author":1,"featured_media":0,"parent":0,"menu_order":0,"comment_status":"closed","ping_status":"open","template":"","meta":{"_acf_changed":false,"site-sidebar-layout":"default","site-content-layout":"","ast-site-content-layout":"default","site-content-style":"default","site-sidebar-style":"default","ast-global-header-display":"","ast-banner-title-visibility":"","ast-main-header-display":"","ast-hfb-above-header-display":"","ast-hfb-below-header-display":"","ast-hfb-mobile-header-display":"","site-post-title":"","ast-breadcrumbs-content":"","ast-featured-img":"","footer-sml-layout":"","ast-disable-related-posts":"","theme-transparent-header-meta":"","adv-header-id-meta":"","stick-header-meta":"","header-above-stick-meta":"","header-main-stick-meta":"","header-below-stick-meta":"","astra-migrate-meta-layouts":"default","ast-page-background-enabled":"default","ast-page-background-meta":{"desktop":{"background-color":"var(--ast-global-color-5)","background-image":"","background-repeat":"repeat","background-position":"center center","background-size":"auto","background-attachment":"scroll","background-type":"","background-media":"","overlay-type":"","overlay-color":"","overlay-opacity":"","overlay-gradient":""},"tablet":{"background-color":"","background-image":"","background-repeat":"repeat","background-position":"center center","background-size":"auto","background-attachment":"scroll","background-type":"","background-media":"","overlay-type":"","overlay-color":"","overlay-opacity":"","overlay-gradient":""},"mobile":{"background-color":"","background-image":"","background-repeat":"repeat","background-position":"center center","background-size":"auto","background-attachment":"scroll","background-type":"","background-media":"","overlay-type":"","overlay-color":"","overlay-opacity":"","overlay-gradient":""}},"ast-content-background-meta":{"desktop":{"background-color":"var(--ast-global-color-4)","background-image":"","background-repeat":"repeat","background-position":"center center","background-size":"auto","background-attachment":"scroll","background-type":"","background-media":"","overlay-type":"","overlay-color":"","overlay-opacity":"","overlay-gradient":""},"tablet":{"background-color":"var(--ast-global-color-4)","background-image":"","background-repeat":"repeat","background-position":"center center","background-size":"auto","background-attachment":"scroll","background-type":"","background-media":"","overlay-type":"","overlay-color":"","overlay-opacity":"","overlay-gradient":""},"mobile":{"background-color":"var(--ast-global-color-4)","background-image":"","background-repeat":"repeat","background-position":"center center","background-size":"auto","background-attachment":"scroll","background-type":"","background-media":"","overlay-type":"","overlay-color":"","overlay-opacity":"","overlay-gradient":""}},"footnotes":""},"class_list":["post-12900","page","type-page","status-publish","hentry"],"acf":[],"yoast_head":"<!-- This site is optimized with the Yoast SEO plugin v27.3 - https:\/\/yoast.com\/product\/yoast-seo-wordpress\/ -->\n<title>Politique en mati\u00e8re de cookies - Naessens Hydraulics<\/title>\n<meta name=\"robots\" content=\"noindex, nofollow\" \/>\n<meta property=\"og:locale\" content=\"fr_FR\" \/>\n<meta property=\"og:type\" content=\"article\" \/>\n<meta property=\"og:title\" content=\"Politique en mati\u00e8re de cookies - Naessens Hydraulics\" \/>\n<meta property=\"og:description\" content=\"Derni\u00e8re mise \u00e0 jour le 23\/01\/2024. 1. Bienvenue sur le site Nous sommes Naessens Hydraulics, une soci\u00e9t\u00e9 priv\u00e9e \u00e0 responsabilit\u00e9 limit\u00e9e, situ\u00e9e \u00e0 Lange Ambachtstraat 9, Oosterzele avec le num\u00e9ro d&rsquo;entreprise BE0459060814. Dans la pr\u00e9sente politique en mati\u00e8re de cookies, nous expliquons quelles informations nous pouvons collecter sur notre site web \u00e0 l&rsquo;aide de cookies [&hellip;]\" \/>\n<meta property=\"og:url\" content=\"https:\/\/naessenshydraulics.be\/fr\/politique-en-matiere-de-cookies\/\" \/>\n<meta property=\"og:site_name\" content=\"Naessens Hydraulics\" \/>\n<meta property=\"article:modified_time\" content=\"2026-01-28T08:30:05+00:00\" \/>\n<meta name=\"twitter:card\" content=\"summary_large_image\" \/>\n<meta name=\"twitter:label1\" content=\"Dur\u00e9e de lecture estim\u00e9e\" \/>\n\t<meta name=\"twitter:data1\" content=\"1 minute\" \/>\n<script type=\"application\/ld+json\" class=\"yoast-schema-graph\">{\"@context\":\"https:\\\/\\\/schema.org\",\"@graph\":[{\"@type\":\"WebPage\",\"@id\":\"https:\\\/\\\/naessenshydraulics.be\\\/fr\\\/politique-en-matiere-de-cookies\\\/\",\"url\":\"https:\\\/\\\/naessenshydraulics.be\\\/fr\\\/politique-en-matiere-de-cookies\\\/\",\"name\":\"Politique en mati\u00e8re de cookies - Naessens Hydraulics\",\"isPartOf\":{\"@id\":\"https:\\\/\\\/naessenshydraulics.be\\\/fr\\\/#website\"},\"datePublished\":\"2023-01-26T10:51:41+00:00\",\"dateModified\":\"2026-01-28T08:30:05+00:00\",\"breadcrumb\":{\"@id\":\"https:\\\/\\\/naessenshydraulics.be\\\/fr\\\/politique-en-matiere-de-cookies\\\/#breadcrumb\"},\"inLanguage\":\"fr-FR\",\"potentialAction\":[{\"@type\":\"ReadAction\",\"target\":[\"https:\\\/\\\/naessenshydraulics.be\\\/fr\\\/politique-en-matiere-de-cookies\\\/\"]}]},{\"@type\":\"BreadcrumbList\",\"@id\":\"https:\\\/\\\/naessenshydraulics.be\\\/fr\\\/politique-en-matiere-de-cookies\\\/#breadcrumb\",\"itemListElement\":[{\"@type\":\"ListItem\",\"position\":1,\"name\":\"Home\",\"item\":\"https:\\\/\\\/naessenshydraulics.be\\\/fr\\\/accueil\\\/\"},{\"@type\":\"ListItem\",\"position\":2,\"name\":\"Politique en mati\u00e8re de cookies\"}]},{\"@type\":\"WebSite\",\"@id\":\"https:\\\/\\\/naessenshydraulics.be\\\/fr\\\/#website\",\"url\":\"https:\\\/\\\/naessenshydraulics.be\\\/fr\\\/\",\"name\":\"Naessens Hydraulics\",\"description\":\"\",\"publisher\":{\"@id\":\"https:\\\/\\\/naessenshydraulics.be\\\/fr\\\/#organization\"},\"potentialAction\":[{\"@type\":\"SearchAction\",\"target\":{\"@type\":\"EntryPoint\",\"urlTemplate\":\"https:\\\/\\\/naessenshydraulics.be\\\/fr\\\/?s={search_term_string}\"},\"query-input\":{\"@type\":\"PropertyValueSpecification\",\"valueRequired\":true,\"valueName\":\"search_term_string\"}}],\"inLanguage\":\"fr-FR\"},{\"@type\":\"Organization\",\"@id\":\"https:\\\/\\\/naessenshydraulics.be\\\/fr\\\/#organization\",\"name\":\"Naessens Hydraulics\",\"url\":\"https:\\\/\\\/naessenshydraulics.be\\\/fr\\\/\",\"logo\":{\"@type\":\"ImageObject\",\"inLanguage\":\"fr-FR\",\"@id\":\"https:\\\/\\\/naessenshydraulics.be\\\/fr\\\/#\\\/schema\\\/logo\\\/image\\\/\",\"url\":\"https:\\\/\\\/naessenshydraulics.be\\\/wp-content\\\/uploads\\\/2025\\\/05\\\/cropped-logo-transparant-2.png\",\"contentUrl\":\"https:\\\/\\\/naessenshydraulics.be\\\/wp-content\\\/uploads\\\/2025\\\/05\\\/cropped-logo-transparant-2.png\",\"width\":500,\"height\":293,\"caption\":\"Naessens Hydraulics\"},\"image\":{\"@id\":\"https:\\\/\\\/naessenshydraulics.be\\\/fr\\\/#\\\/schema\\\/logo\\\/image\\\/\"}}]}<\/script>\n<!-- \/ Yoast SEO plugin. -->","yoast_head_json":{"title":"Politique en mati\u00e8re de cookies - Naessens Hydraulics","robots":{"index":"noindex","follow":"nofollow"},"og_locale":"fr_FR","og_type":"article","og_title":"Politique en mati\u00e8re de cookies - Naessens Hydraulics","og_description":"Derni\u00e8re mise \u00e0 jour le 23\/01\/2024. 1. Bienvenue sur le site Nous sommes Naessens Hydraulics, une soci\u00e9t\u00e9 priv\u00e9e \u00e0 responsabilit\u00e9 limit\u00e9e, situ\u00e9e \u00e0 Lange Ambachtstraat 9, Oosterzele avec le num\u00e9ro d&rsquo;entreprise BE0459060814. Dans la pr\u00e9sente politique en mati\u00e8re de cookies, nous expliquons quelles informations nous pouvons collecter sur notre site web \u00e0 l&rsquo;aide de cookies [&hellip;]","og_url":"https:\/\/naessenshydraulics.be\/fr\/politique-en-matiere-de-cookies\/","og_site_name":"Naessens Hydraulics","article_modified_time":"2026-01-28T08:30:05+00:00","twitter_card":"summary_large_image","twitter_misc":{"Dur\u00e9e de lecture estim\u00e9e":"1 minute"},"schema":{"@context":"https:\/\/schema.org","@graph":[{"@type":"WebPage","@id":"https:\/\/naessenshydraulics.be\/fr\/politique-en-matiere-de-cookies\/","url":"https:\/\/naessenshydraulics.be\/fr\/politique-en-matiere-de-cookies\/","name":"Politique en mati\u00e8re de cookies - Naessens Hydraulics","isPartOf":{"@id":"https:\/\/naessenshydraulics.be\/fr\/#website"},"datePublished":"2023-01-26T10:51:41+00:00","dateModified":"2026-01-28T08:30:05+00:00","breadcrumb":{"@id":"https:\/\/naessenshydraulics.be\/fr\/politique-en-matiere-de-cookies\/#breadcrumb"},"inLanguage":"fr-FR","potentialAction":[{"@type":"ReadAction","target":["https:\/\/naessenshydraulics.be\/fr\/politique-en-matiere-de-cookies\/"]}]},{"@type":"BreadcrumbList","@id":"https:\/\/naessenshydraulics.be\/fr\/politique-en-matiere-de-cookies\/#breadcrumb","itemListElement":[{"@type":"ListItem","position":1,"name":"Home","item":"https:\/\/naessenshydraulics.be\/fr\/accueil\/"},{"@type":"ListItem","position":2,"name":"Politique en mati\u00e8re de cookies"}]},{"@type":"WebSite","@id":"https:\/\/naessenshydraulics.be\/fr\/#website","url":"https:\/\/naessenshydraulics.be\/fr\/","name":"Naessens Hydraulics","description":"","publisher":{"@id":"https:\/\/naessenshydraulics.be\/fr\/#organization"},"potentialAction":[{"@type":"SearchAction","target":{"@type":"EntryPoint","urlTemplate":"https:\/\/naessenshydraulics.be\/fr\/?s={search_term_string}"},"query-input":{"@type":"PropertyValueSpecification","valueRequired":true,"valueName":"search_term_string"}}],"inLanguage":"fr-FR"},{"@type":"Organization","@id":"https:\/\/naessenshydraulics.be\/fr\/#organization","name":"Naessens Hydraulics","url":"https:\/\/naessenshydraulics.be\/fr\/","logo":{"@type":"ImageObject","inLanguage":"fr-FR","@id":"https:\/\/naessenshydraulics.be\/fr\/#\/schema\/logo\/image\/","url":"https:\/\/naessenshydraulics.be\/wp-content\/uploads\/2025\/05\/cropped-logo-transparant-2.png","contentUrl":"https:\/\/naessenshydraulics.be\/wp-content\/uploads\/2025\/05\/cropped-logo-transparant-2.png","width":500,"height":293,"caption":"Naessens Hydraulics"},"image":{"@id":"https:\/\/naessenshydraulics.be\/fr\/#\/schema\/logo\/image\/"}}]}},"meta_box":[],"_links":{"self":[{"href":"https:\/\/naessenshydraulics.be\/fr\/wp-json\/wp\/v2\/pages\/12900","targetHints":{"allow":["GET"]}}],"collection":[{"href":"https:\/\/naessenshydraulics.be\/fr\/wp-json\/wp\/v2\/pages"}],"about":[{"href":"https:\/\/naessenshydraulics.be\/fr\/wp-json\/wp\/v2\/types\/page"}],"author":[{"embeddable":true,"href":"https:\/\/naessenshydraulics.be\/fr\/wp-json\/wp\/v2\/users\/1"}],"replies":[{"embeddable":true,"href":"https:\/\/naessenshydraulics.be\/fr\/wp-json\/wp\/v2\/comments?post=12900"}],"version-history":[{"count":9,"href":"https:\/\/naessenshydraulics.be\/fr\/wp-json\/wp\/v2\/pages\/12900\/revisions"}],"predecessor-version":[{"id":15313,"href":"https:\/\/naessenshydraulics.be\/fr\/wp-json\/wp\/v2\/pages\/12900\/revisions\/15313"}],"wp:attachment":[{"href":"https:\/\/naessenshydraulics.be\/fr\/wp-json\/wp\/v2\/media?parent=12900"}],"curies":[{"name":"wp","href":"https:\/\/api.w.org\/{rel}","templated":true}]}}